{"id":26751,"date":"2022-04-25T14:26:51","date_gmt":"2022-04-25T11:26:51","guid":{"rendered":"https:\/\/www.radyal.com\/en\/?page_id=26751"},"modified":"2023-10-30T14:00:56","modified_gmt":"2023-10-30T11:00:56","slug":"radiator-connection-types","status":"publish","type":"page","link":"https:\/\/www.radyal.com\/en\/radiator-connection-types\/","title":{"rendered":"Radiator Connection Types"},"content":{"rendered":"<section class=\"l-section wpb_row height_medium full_height valign_center\"><div class=\"l-section-overlay\" style=\"background:#f5f5f5\"><\/div><div class=\"l-section-h i-cf\"><div class=\"g-cols vc_row via_grid cols_2 laptops-cols_inherit tablets-cols_inherit mobiles-cols_1 valign_middle type_default stacking_default\"><div class=\"wpb_column vc_column_container\"><div class=\"vc_column-inner\"><div class=\"w-image align_center\"><div class=\"w-image-h\"><img loading=\"lazy\" decoding=\"async\" width=\"1024\" height=\"788\" src=\"https:\/\/www.radyal.com\/en\/wp-content\/uploads\/2022\/04\/Assem-yali-antrasit-baglanti-sekilleri-1024x788-1.png\" class=\"attachment-full size-full\" alt=\"\" srcset=\"https:\/\/www.radyal.com\/en\/wp-content\/uploads\/2022\/04\/Assem-yali-antrasit-baglanti-sekilleri-1024x788-1.png 1024w, https:\/\/www.radyal.com\/en\/wp-content\/uploads\/2022\/04\/Assem-yali-antrasit-baglanti-sekilleri-1024x788-1-300x231.png 300w\" sizes=\"auto, (max-width: 1024px) 100vw, 1024px\" \/><\/div><\/div><\/div><\/div><div class=\"wpb_column vc_column_container\"><div class=\"vc_column-inner\"><div class=\"wpb_text_column\"><div class=\"wpb_wrapper\"><h5><strong>1. Bottom Opposite Ends Connection<\/strong><\/h5>\n<p>Applicable to all models. The \u201cDirection Plug\u201d, which is given free of charge with the radiator, is placed between 3rd and 4th slices in radiators up to 10 slices, and between 4th and 5th slices in radiators larger than 10 slices; where the slices are counted from the direction of hot water inlet.<br \/>\nThe air-purge valve should be installed diagonally to the direction plug.<\/p>\n<\/div><\/div><div class=\"w-scroller style_4 pos_right with_dots\" aria-hidden=\"true\" data-speed=\"1000\" data-disablewidth=\"768\"><div class=\"w-scroller-dots\" style=\"font-size:10px;color:#54575c;\"><div class=\"w-scroller-dot\"><span><\/span><\/div><\/div><\/div><\/div><\/div><\/div><\/div><\/section><section class=\"l-section wpb_row height_medium full_height valign_center\"><div class=\"l-section-h i-cf\"><div class=\"g-cols vc_row via_grid cols_2 laptops-cols_inherit tablets-cols_inherit mobiles-cols_1 valign_middle type_default stacking_default\"><div class=\"wpb_column vc_column_container\"><div class=\"vc_column-inner\"><div class=\"wpb_text_column\"><div class=\"wpb_wrapper\"><h5><strong>2. Cross Connection<\/strong><\/h5>\n<p>Applicable to all models.<br \/>\nHot water inlet and air-purge valve must be on the top side.<\/p>\n<\/div><\/div><\/div><\/div><div class=\"wpb_column vc_column_container\"><div class=\"vc_column-inner\"><div class=\"w-image align_center\"><div class=\"w-image-h\"><img loading=\"lazy\" decoding=\"async\" width=\"1024\" height=\"788\" src=\"https:\/\/www.radyal.com\/en\/wp-content\/uploads\/2023\/10\/Assem-yali-antrasit-baglanti-sekilleri-1-1024x788-2.png\" class=\"attachment-full size-full\" alt=\"Radyat\u00f6r Ba\u011flant\u0131 \u015eekli Radyal\" srcset=\"https:\/\/www.radyal.com\/en\/wp-content\/uploads\/2023\/10\/Assem-yali-antrasit-baglanti-sekilleri-1-1024x788-2.png 1024w, https:\/\/www.radyal.com\/en\/wp-content\/uploads\/2023\/10\/Assem-yali-antrasit-baglanti-sekilleri-1-1024x788-2-300x231.png 300w\" sizes=\"auto, (max-width: 1024px) 100vw, 1024px\" \/><\/div><\/div><\/div><\/div><\/div><\/div><\/section><section class=\"l-section wpb_row height_medium full_height valign_center\"><div class=\"l-section-overlay\" style=\"background:#f5f5f5\"><\/div><div class=\"l-section-h i-cf\"><div class=\"g-cols vc_row via_grid cols_2 laptops-cols_inherit tablets-cols_inherit mobiles-cols_1 valign_middle type_default stacking_default\"><div class=\"wpb_column vc_column_container\"><div class=\"vc_column-inner\"><div class=\"w-image align_center\"><div class=\"w-image-h\"><img loading=\"lazy\" decoding=\"async\" width=\"1024\" height=\"788\" src=\"https:\/\/www.radyal.com\/en\/wp-content\/uploads\/2022\/04\/Assem-yali-antrasit-baglanti-sekilleri-2-1024x788-1.png\" class=\"attachment-full size-full\" alt=\"\" srcset=\"https:\/\/www.radyal.com\/en\/wp-content\/uploads\/2022\/04\/Assem-yali-antrasit-baglanti-sekilleri-2-1024x788-1.png 1024w, https:\/\/www.radyal.com\/en\/wp-content\/uploads\/2022\/04\/Assem-yali-antrasit-baglanti-sekilleri-2-1024x788-1-300x231.png 300w\" sizes=\"auto, (max-width: 1024px) 100vw, 1024px\" \/><\/div><\/div><\/div><\/div><div class=\"wpb_column vc_column_container\"><div class=\"vc_column-inner\"><div class=\"wpb_text_column\"><div class=\"wpb_wrapper\"><h5><strong>3. Parallel Connection<\/strong><\/h5>\n<p>Applicable to all models.<br \/>\nHot water inlet and air-purge valve must be on the top side.<\/p>\n<\/div><\/div><\/div><\/div><\/div><\/div><\/section><section class=\"l-section wpb_row height_medium full_height valign_center\"><div class=\"l-section-h i-cf\"><div class=\"g-cols vc_row via_grid cols_2 laptops-cols_inherit tablets-cols_inherit mobiles-cols_1 valign_middle type_default stacking_default\"><div class=\"wpb_column vc_column_container\"><div class=\"vc_column-inner\"><div class=\"wpb_text_column\"><div class=\"wpb_wrapper\"><h5><strong>4. Bottom Input-Output (HB) Connection<\/strong><\/h5>\n<p>Applicable to all models. Direction plug is installed during factory manufacturing.<br \/>\nHot water inlet must be made from the outside and cold water outlet must be made from the inside.<\/p>\n<p>If hot water inlet is on the reverse side, only the 4th slice will heat.<br \/>\nApplication can be done on the right or left side of the radiator.<\/p>\n<\/div><\/div><\/div><\/div><div class=\"wpb_column vc_column_container\"><div class=\"vc_column-inner\"><div class=\"w-image align_center\"><div class=\"w-image-h\"><img loading=\"lazy\" decoding=\"async\" width=\"1024\" height=\"788\" src=\"https:\/\/www.radyal.com\/en\/wp-content\/uploads\/2022\/04\/Assem-yali-antrasit-baglanti-sekilleri-3-1024x788-1.png\" class=\"attachment-full size-full\" alt=\"\" srcset=\"https:\/\/www.radyal.com\/en\/wp-content\/uploads\/2022\/04\/Assem-yali-antrasit-baglanti-sekilleri-3-1024x788-1.png 1024w, https:\/\/www.radyal.com\/en\/wp-content\/uploads\/2022\/04\/Assem-yali-antrasit-baglanti-sekilleri-3-1024x788-1-300x231.png 300w\" sizes=\"auto, (max-width: 1024px) 100vw, 1024px\" \/><\/div><\/div><\/div><\/div><\/div><\/div><\/section><section class=\"l-section wpb_row height_medium full_height valign_center\"><div class=\"l-section-overlay\" style=\"background:#f5f5f5\"><\/div><div class=\"l-section-h i-cf\"><div class=\"g-cols vc_row via_grid cols_2 laptops-cols_inherit tablets-cols_inherit mobiles-cols_1 valign_middle type_default stacking_default\"><div class=\"wpb_column vc_column_container\"><div class=\"vc_column-inner\"><div class=\"w-image align_center\"><div class=\"w-image-h\"><img loading=\"lazy\" decoding=\"async\" width=\"1024\" height=\"788\" src=\"https:\/\/www.radyal.com\/en\/wp-content\/uploads\/2022\/04\/Assem-yali-antrasit-baglanti-sekilleri-4-1024x788-1.png\" class=\"attachment-full size-full\" alt=\"\" srcset=\"https:\/\/www.radyal.com\/en\/wp-content\/uploads\/2022\/04\/Assem-yali-antrasit-baglanti-sekilleri-4-1024x788-1.png 1024w, https:\/\/www.radyal.com\/en\/wp-content\/uploads\/2022\/04\/Assem-yali-antrasit-baglanti-sekilleri-4-1024x788-1-300x231.png 300w\" sizes=\"auto, (max-width: 1024px) 100vw, 1024px\" \/><\/div><\/div><\/div><\/div><div class=\"wpb_column vc_column_container\"><div class=\"vc_column-inner\"><div class=\"wpb_text_column\"><div class=\"wpb_wrapper\"><h5><strong>5. Compact Integrated Thermostatic Valve Connection<\/strong><\/h5>\n<p>Applicable to all models. Direction plug is installed during factory manufacturing.<br \/>\nHot water inlet must be made from the outside and cold water outlet must be made from the inside.<\/p>\n<p>Thermostat and the special core should be the same direction as the hot water inlet direction.<br \/>\nApplication can be done on the right or left side of the radiator.<\/p>\n<\/div><\/div><\/div><\/div><\/div><\/div><\/section><section class=\"l-section wpb_row height_medium full_height valign_center\"><div class=\"l-section-h i-cf\"><div class=\"g-cols vc_row via_grid cols_2 laptops-cols_inherit tablets-cols_inherit mobiles-cols_1 valign_middle type_default stacking_default\"><div class=\"wpb_column vc_column_container\"><div class=\"vc_column-inner\"><div class=\"wpb_text_column\"><div class=\"wpb_wrapper\"><h5><strong>6. Middle Connection<\/strong><\/h5>\n<p>Applicable to all models.<\/p>\n<\/div><\/div><\/div><\/div><div class=\"wpb_column vc_column_container\"><div class=\"vc_column-inner\"><div class=\"w-image align_center\"><div class=\"w-image-h\"><img loading=\"lazy\" decoding=\"async\" width=\"1024\" height=\"788\" src=\"https:\/\/www.radyal.com\/en\/wp-content\/uploads\/2022\/04\/Assem-yali-antrasit-baglanti-sekilleri-5-1024x788-1.png\" class=\"attachment-full size-full\" alt=\"\" srcset=\"https:\/\/www.radyal.com\/en\/wp-content\/uploads\/2022\/04\/Assem-yali-antrasit-baglanti-sekilleri-5-1024x788-1.png 1024w, https:\/\/www.radyal.com\/en\/wp-content\/uploads\/2022\/04\/Assem-yali-antrasit-baglanti-sekilleri-5-1024x788-1-300x231.png 300w\" sizes=\"auto, (max-width: 1024px) 100vw, 1024px\" \/><\/div><\/div><\/div><\/div><\/div><\/div><\/section>\n","protected":false},"excerpt":{"rendered":"1. Bottom Opposite Ends Connection Applicable to all models. The \u201cDirection Plug\u201d, which is given free of charge with the radiator, is placed between 3rd and 4th slices in radiators up to 10 slices, and between 4th and 5th slices in radiators larger than 10 slices; where the slices are counted from the direction of...","protected":false},"author":1,"featured_media":0,"parent":0,"menu_order":0,"comment_status":"closed","ping_status":"closed","template":"","meta":{"footnotes":""},"class_list":["post-26751","page","type-page","status-publish","hentry"],"acf":[],"yoast_head":"<!-- This site is optimized with the Yoast SEO plugin v27.4 - https:\/\/yoast.com\/product\/yoast-seo-wordpress\/ -->\n<title>Radiator Connection Types | Radyal Is\u0131tma | Aluminium Radiator &amp; Towel Warmer<\/title>\n<meta name=\"robots\" content=\"index, follow, max-snippet:-1, max-image-preview:large, max-video-preview:-1\" \/>\n<link rel=\"canonical\" href=\"https:\/\/www.radyal.com\/en\/radiator-connection-types\/\" \/>\n<meta property=\"og:locale\" content=\"en_US\" \/>\n<meta property=\"og:type\" content=\"article\" \/>\n<meta property=\"og:title\" content=\"Radiator Connection Types | Radyal Is\u0131tma | Aluminium Radiator &amp; Towel Warmer\" \/>\n<meta property=\"og:url\" content=\"https:\/\/www.radyal.com\/en\/radiator-connection-types\/\" \/>\n<meta property=\"og:site_name\" content=\"Radyal Is\u0131tma | Aluminium Radiator &amp; Towel Warmer\" \/>\n<meta property=\"article:modified_time\" content=\"2023-10-30T11:00:56+00:00\" \/>\n<meta property=\"og:image\" content=\"https:\/\/www.radyal.com\/en\/wp-content\/uploads\/2022\/05\/suit-elite.jpg\" \/>\n\t<meta property=\"og:image:width\" content=\"1050\" \/>\n\t<meta property=\"og:image:height\" content=\"960\" \/>\n\t<meta property=\"og:image:type\" content=\"image\/jpeg\" \/>\n<meta name=\"twitter:card\" content=\"summary_large_image\" \/>\n<meta name=\"twitter:label1\" content=\"Est. reading time\" \/>\n\t<meta name=\"twitter:data1\" content=\"2 minutes\" \/>\n<script type=\"application\/ld+json\" class=\"yoast-schema-graph\">{\"@context\":\"https:\\\/\\\/schema.org\",\"@graph\":[{\"@type\":\"WebPage\",\"@id\":\"https:\\\/\\\/www.radyal.com\\\/en\\\/radiator-connection-types\\\/\",\"url\":\"https:\\\/\\\/www.radyal.com\\\/en\\\/radiator-connection-types\\\/\",\"name\":\"Radiator Connection Types | Radyal Is\u0131tma | Aluminium Radiator &amp; Towel Warmer\",\"isPartOf\":{\"@id\":\"https:\\\/\\\/www.radyal.com\\\/en\\\/#website\"},\"datePublished\":\"2022-04-25T11:26:51+00:00\",\"dateModified\":\"2023-10-30T11:00:56+00:00\",\"breadcrumb\":{\"@id\":\"https:\\\/\\\/www.radyal.com\\\/en\\\/radiator-connection-types\\\/#breadcrumb\"},\"inLanguage\":\"en-US\",\"potentialAction\":[{\"@type\":\"ReadAction\",\"target\":[\"https:\\\/\\\/www.radyal.com\\\/en\\\/radiator-connection-types\\\/\"]}]},{\"@type\":\"BreadcrumbList\",\"@id\":\"https:\\\/\\\/www.radyal.com\\\/en\\\/radiator-connection-types\\\/#breadcrumb\",\"itemListElement\":[{\"@type\":\"ListItem\",\"position\":1,\"name\":\"Anasayfa\",\"item\":\"https:\\\/\\\/www.radyal.com\\\/en\\\/\"},{\"@type\":\"ListItem\",\"position\":2,\"name\":\"Radiator Connection Types\"}]},{\"@type\":\"WebSite\",\"@id\":\"https:\\\/\\\/www.radyal.com\\\/en\\\/#website\",\"url\":\"https:\\\/\\\/www.radyal.com\\\/en\\\/\",\"name\":\"Radyal Is\u0131tma | Aluminium Radiator &amp; Towel Warmer\",\"description\":\"\",\"publisher\":{\"@id\":\"https:\\\/\\\/www.radyal.com\\\/en\\\/#organization\"},\"potentialAction\":[{\"@type\":\"SearchAction\",\"target\":{\"@type\":\"EntryPoint\",\"urlTemplate\":\"https:\\\/\\\/www.radyal.com\\\/en\\\/?s={search_term_string}\"},\"query-input\":{\"@type\":\"PropertyValueSpecification\",\"valueRequired\":true,\"valueName\":\"search_term_string\"}}],\"inLanguage\":\"en-US\"},{\"@type\":\"Organization\",\"@id\":\"https:\\\/\\\/www.radyal.com\\\/en\\\/#organization\",\"name\":\"Radyal Is\u0131tma | Aluminium Radiator & Towel Warmer\",\"url\":\"https:\\\/\\\/www.radyal.com\\\/en\\\/\",\"logo\":{\"@type\":\"ImageObject\",\"inLanguage\":\"en-US\",\"@id\":\"https:\\\/\\\/www.radyal.com\\\/en\\\/#\\\/schema\\\/logo\\\/image\\\/\",\"url\":\"https:\\\/\\\/www.radyal.com\\\/en\\\/wp-content\\\/uploads\\\/2022\\\/04\\\/Radyal-Theme-Image.jpg\",\"contentUrl\":\"https:\\\/\\\/www.radyal.com\\\/en\\\/wp-content\\\/uploads\\\/2022\\\/04\\\/Radyal-Theme-Image.jpg\",\"width\":1920,\"height\":1440,\"caption\":\"Radyal Is\u0131tma | Aluminium Radiator & Towel Warmer\"},\"image\":{\"@id\":\"https:\\\/\\\/www.radyal.com\\\/en\\\/#\\\/schema\\\/logo\\\/image\\\/\"}}]}<\/script>\n<!-- \/ Yoast SEO plugin. -->","yoast_head_json":{"title":"Radiator Connection Types | Radyal Is\u0131tma | Aluminium Radiator &amp; Towel Warmer","robots":{"index":"index","follow":"follow","max-snippet":"max-snippet:-1","max-image-preview":"max-image-preview:large","max-video-preview":"max-video-preview:-1"},"canonical":"https:\/\/www.radyal.com\/en\/radiator-connection-types\/","og_locale":"en_US","og_type":"article","og_title":"Radiator Connection Types | Radyal Is\u0131tma | Aluminium Radiator &amp; Towel Warmer","og_url":"https:\/\/www.radyal.com\/en\/radiator-connection-types\/","og_site_name":"Radyal Is\u0131tma | Aluminium Radiator &amp; Towel Warmer","article_modified_time":"2023-10-30T11:00:56+00:00","og_image":[{"width":1050,"height":960,"url":"https:\/\/www.radyal.com\/en\/wp-content\/uploads\/2022\/05\/suit-elite.jpg","type":"image\/jpeg"}],"twitter_card":"summary_large_image","twitter_misc":{"Est. reading time":"2 minutes"},"schema":{"@context":"https:\/\/schema.org","@graph":[{"@type":"WebPage","@id":"https:\/\/www.radyal.com\/en\/radiator-connection-types\/","url":"https:\/\/www.radyal.com\/en\/radiator-connection-types\/","name":"Radiator Connection Types | Radyal Is\u0131tma | Aluminium Radiator &amp; Towel Warmer","isPartOf":{"@id":"https:\/\/www.radyal.com\/en\/#website"},"datePublished":"2022-04-25T11:26:51+00:00","dateModified":"2023-10-30T11:00:56+00:00","breadcrumb":{"@id":"https:\/\/www.radyal.com\/en\/radiator-connection-types\/#breadcrumb"},"inLanguage":"en-US","potentialAction":[{"@type":"ReadAction","target":["https:\/\/www.radyal.com\/en\/radiator-connection-types\/"]}]},{"@type":"BreadcrumbList","@id":"https:\/\/www.radyal.com\/en\/radiator-connection-types\/#breadcrumb","itemListElement":[{"@type":"ListItem","position":1,"name":"Anasayfa","item":"https:\/\/www.radyal.com\/en\/"},{"@type":"ListItem","position":2,"name":"Radiator Connection Types"}]},{"@type":"WebSite","@id":"https:\/\/www.radyal.com\/en\/#website","url":"https:\/\/www.radyal.com\/en\/","name":"Radyal Is\u0131tma | Aluminium Radiator &amp; Towel Warmer","description":"","publisher":{"@id":"https:\/\/www.radyal.com\/en\/#organization"},"potentialAction":[{"@type":"SearchAction","target":{"@type":"EntryPoint","urlTemplate":"https:\/\/www.radyal.com\/en\/?s={search_term_string}"},"query-input":{"@type":"PropertyValueSpecification","valueRequired":true,"valueName":"search_term_string"}}],"inLanguage":"en-US"},{"@type":"Organization","@id":"https:\/\/www.radyal.com\/en\/#organization","name":"Radyal Is\u0131tma | Aluminium Radiator & Towel Warmer","url":"https:\/\/www.radyal.com\/en\/","logo":{"@type":"ImageObject","inLanguage":"en-US","@id":"https:\/\/www.radyal.com\/en\/#\/schema\/logo\/image\/","url":"https:\/\/www.radyal.com\/en\/wp-content\/uploads\/2022\/04\/Radyal-Theme-Image.jpg","contentUrl":"https:\/\/www.radyal.com\/en\/wp-content\/uploads\/2022\/04\/Radyal-Theme-Image.jpg","width":1920,"height":1440,"caption":"Radyal Is\u0131tma | Aluminium Radiator & Towel Warmer"},"image":{"@id":"https:\/\/www.radyal.com\/en\/#\/schema\/logo\/image\/"}}]}},"_links":{"self":[{"href":"https:\/\/www.radyal.com\/en\/wp-json\/wp\/v2\/pages\/26751","targetHints":{"allow":["GET"]}}],"collection":[{"href":"https:\/\/www.radyal.com\/en\/wp-json\/wp\/v2\/pages"}],"about":[{"href":"https:\/\/www.radyal.com\/en\/wp-json\/wp\/v2\/types\/page"}],"author":[{"embeddable":true,"href":"https:\/\/www.radyal.com\/en\/wp-json\/wp\/v2\/users\/1"}],"replies":[{"embeddable":true,"href":"https:\/\/www.radyal.com\/en\/wp-json\/wp\/v2\/comments?post=26751"}],"version-history":[{"count":11,"href":"https:\/\/www.radyal.com\/en\/wp-json\/wp\/v2\/pages\/26751\/revisions"}],"predecessor-version":[{"id":29665,"href":"https:\/\/www.radyal.com\/en\/wp-json\/wp\/v2\/pages\/26751\/revisions\/29665"}],"wp:attachment":[{"href":"https:\/\/www.radyal.com\/en\/wp-json\/wp\/v2\/media?parent=26751"}],"curies":[{"name":"wp","href":"https:\/\/api.w.org\/{rel}","templated":true}]}}